{"id":2096,"date":"2022-09-16T13:37:30","date_gmt":"2022-09-16T11:37:30","guid":{"rendered":"https:\/\/markestic.com\/impressum\/"},"modified":"2023-08-15T15:49:38","modified_gmt":"2023-08-15T13:49:38","slug":"impressum","status":"publish","type":"page","link":"https:\/\/markestic.com\/en\/impressum\/","title":{"rendered":"Impressum"},"content":{"rendered":"<p>[et_pb_section fb_built=&#8221;1&#8243; custom_padding_last_edited=&#8221;on|desktop&#8221; admin_label=&#8221;Header&#8221; _builder_version=&#8221;4.17.6&#8243; _module_preset=&#8221;default&#8221; background_color=&#8221;#F4CC47&#8243; background_enable_image=&#8221;off&#8221; parallax=&#8221;on&#8221; custom_padding=&#8221;100px||||false|false&#8221; custom_padding_tablet=&#8221;100px||100px||true&#8221; custom_padding_phone=&#8221;||||true&#8221; bottom_divider_height=&#8221;250px&#8221; bottom_divider_height_tablet=&#8221;150px&#8221; bottom_divider_height_phone=&#8221;110px&#8221; bottom_divider_height_last_edited=&#8221;on|phone&#8221; saved_tabs=&#8221;all&#8221; global_colors_info=&#8221;{}&#8221;][et_pb_row _builder_version=&#8221;4.17.6&#8243; _module_preset=&#8221;default&#8221; custom_margin=&#8221;0px||||false|false&#8221; global_colors_info=&#8221;{}&#8221;][et_pb_column type=&#8221;4_4&#8243; _builder_version=&#8221;4.16&#8243; _module_preset=&#8221;default&#8221; custom_padding=&#8221;|||&#8221; global_colors_info=&#8221;{}&#8221; custom_padding__hover=&#8221;|||&#8221;][et_pb_text _builder_version=&#8221;4.17.6&#8243; _module_preset=&#8221;default&#8221; text_font=&#8221;Roboto||||||||&#8221; text_font_size=&#8221;16px&#8221; text_line_height=&#8221;1.8em&#8221; header_font=&#8221;|700|||||||&#8221; header_text_align=&#8221;left&#8221; header_text_color=&#8221;#202020&#8243; header_font_size=&#8221;50px&#8221; header_line_height=&#8221;1.2em&#8221; header_3_font=&#8221;|700||on|||||&#8221; header_3_text_align=&#8221;left&#8221; header_3_text_color=&#8221;#202020&#8243; header_3_font_size=&#8221;24px&#8221; header_3_letter_spacing=&#8221;10px&#8221; header_3_line_height=&#8221;2em&#8221; text_orientation=&#8221;center&#8221; background_layout=&#8221;dark&#8221; module_alignment=&#8221;center&#8221; text_font_size_last_edited=&#8221;off|desktop&#8221; header_font_size_tablet=&#8221;40px&#8221; header_font_size_phone=&#8221;32px&#8221; header_font_size_last_edited=&#8221;on|phone&#8221; header_3_font_size_tablet=&#8221;16px&#8221; header_3_font_size_phone=&#8221;14px&#8221; header_3_font_size_last_edited=&#8221;on|phone&#8221; header_3_letter_spacing_tablet=&#8221;5px&#8221; header_3_letter_spacing_phone=&#8221;&#8221; header_3_letter_spacing_last_edited=&#8221;on|tablet&#8221; global_colors_info=&#8221;{}&#8221;]<\/p>\n<h3>Markestic<\/h3>\n<h1>Impressum<\/h1>\n<p>[\/et_pb_text][\/et_pb_column][\/et_pb_row][\/et_pb_section][et_pb_section fb_built=&#8221;1&#8243; _builder_version=&#8221;4.17.6&#8243; _module_preset=&#8221;default&#8221; custom_padding=&#8221;|0px|||true|false&#8221; bottom_divider_height=&#8221;600px&#8221; bottom_divider_repeat=&#8221;0.6x&#8221; bottom_divider_height_tablet=&#8221;220px&#8221; bottom_divider_height_phone=&#8221;160px&#8221; bottom_divider_height_last_edited=&#8221;on|phone&#8221; locked=&#8221;off&#8221; global_colors_info=&#8221;{}&#8221;][et_pb_row _builder_version=&#8221;4.16&#8243; _module_preset=&#8221;default&#8221; global_colors_info=&#8221;{}&#8221;][et_pb_column type=&#8221;4_4&#8243; _builder_version=&#8221;4.16&#8243; _module_preset=&#8221;default&#8221; custom_padding=&#8221;|||&#8221; global_colors_info=&#8221;{}&#8221; custom_padding__hover=&#8221;|||&#8221;][et_pb_text _builder_version=&#8221;4.17.6&#8243; _module_preset=&#8221;default&#8221; text_font=&#8221;|300|||||||&#8221; text_font_size=&#8221;16px&#8221; text_line_height=&#8221;2em&#8221; ul_font=&#8221;||||||||&#8221; header_font=&#8221;||||||||&#8221; header_2_font=&#8221;|700|||||||&#8221; header_2_font_size=&#8221;30px&#8221; header_2_line_height=&#8221;1.2em&#8221; header_3_font=&#8221;||||||||&#8221; max_width_last_edited=&#8221;off|desktop&#8221; custom_margin=&#8221;|||&#8221; custom_padding=&#8221;|||&#8221; header_2_font_size_tablet=&#8221;35px&#8221; header_2_font_size_phone=&#8221;28px&#8221; header_2_font_size_last_edited=&#8221;on|phone&#8221; global_colors_info=&#8221;{}&#8221;]<\/p>\n<p>Company: Markestic Kft.<\/p>\n<p>Address: 1224, Budapest Damjanich utca 9.<\/p>\n<p>E-mail: hello@markestic.com<\/p>\n<p>Website: markestic.com<\/p>\n<p>The authority registering the company is: F\u0151v\u00e1rosi T\u00f6rv\u00e9nysz\u00e9k<\/p>\n<p>Company registration number: 01 09 333546<\/p>\n<p>Tax number: 26585734-2-43<\/p>\n<p>Chamber of Commerce and Industry of Budapest (BKIK)<\/p>\n<p>Hosting provider: Automattic, Inc<\/p>\n<p>[\/et_pb_text][\/et_pb_column][\/et_pb_row][\/et_pb_section]<\/p>\n","protected":false},"excerpt":{"rendered":"<p>Markestic ImpressumCompany: Markestic Kft. Address: 1224, Budapest Damjanich utca 9. E-mail: hello@markestic.com Website: markestic.com The authority registering the company is: F\u0151v\u00e1rosi T\u00f6rv\u00e9nysz\u00e9k Company registration number: 01 09 333546 Tax number: 26585734-2-43 Chamber of Commerce and Industry of Budapest (BKIK) Hosting provider: Automattic, Inc<\/p>\n","protected":false},"author":219950554,"featured_media":0,"parent":0,"menu_order":0,"comment_status":"closed","ping_status":"closed","template":"","meta":{"_et_pb_use_builder":"on","_et_pb_old_content":"","_et_gb_content_width":"","_crdt_document":"","footnotes":""},"class_list":["post-2096","page","type-page","status-publish","hentry"],"yoast_head":"<!-- This site is optimized with the Yoast SEO plugin v27.5 - https:\/\/yoast.com\/product\/yoast-seo-wordpress\/ -->\n<title>Impressum - Markestic<\/title>\n<meta name=\"robots\" content=\"index, follow, max-snippet:-1, max-image-preview:large, max-video-preview:-1\" \/>\n<link rel=\"canonical\" href=\"https:\/\/markestic.com\/en\/impressum\/\" \/>\n<meta property=\"og:locale\" content=\"en_US\" \/>\n<meta property=\"og:type\" content=\"article\" \/>\n<meta property=\"og:title\" content=\"Impressum - Markestic\" \/>\n<meta property=\"og:description\" content=\"Markestic ImpressumCompany: Markestic Kft. Address: 1224, Budapest Damjanich utca 9. E-mail: hello@markestic.com Website: markestic.com The authority registering the company is: F\u0151v\u00e1rosi T\u00f6rv\u00e9nysz\u00e9k Company registration number: 01 09 333546 Tax number: 26585734-2-43 Chamber of Commerce and Industry of Budapest (BKIK) Hosting provider: Automattic, Inc\" \/>\n<meta property=\"og:url\" content=\"https:\/\/markestic.com\/en\/impressum\/\" \/>\n<meta property=\"og:site_name\" content=\"Markestic\" \/>\n<meta property=\"article:publisher\" content=\"https:\/\/www.facebook.com\/markestic\" \/>\n<meta property=\"article:modified_time\" content=\"2023-08-15T13:49:38+00:00\" \/>\n<meta name=\"twitter:card\" content=\"summary_large_image\" \/>\n<meta name=\"twitter:label1\" content=\"Est. reading time\" \/>\n\t<meta name=\"twitter:data1\" content=\"2 minutes\" \/>\n<script type=\"application\/ld+json\" class=\"yoast-schema-graph\">{\"@context\":\"https:\\\/\\\/schema.org\",\"@graph\":[{\"@type\":\"WebPage\",\"@id\":\"https:\\\/\\\/markestic.com\\\/en\\\/impressum\\\/\",\"url\":\"https:\\\/\\\/markestic.com\\\/en\\\/impressum\\\/\",\"name\":\"Impressum - Markestic\",\"isPartOf\":{\"@id\":\"http:\\\/\\\/markestic.com\\\/en\\\/#website\"},\"datePublished\":\"2022-09-16T11:37:30+00:00\",\"dateModified\":\"2023-08-15T13:49:38+00:00\",\"breadcrumb\":{\"@id\":\"https:\\\/\\\/markestic.com\\\/en\\\/impressum\\\/#breadcrumb\"},\"inLanguage\":\"en-US\",\"potentialAction\":[{\"@type\":\"ReadAction\",\"target\":[\"https:\\\/\\\/markestic.com\\\/en\\\/impressum\\\/\"]}]},{\"@type\":\"BreadcrumbList\",\"@id\":\"https:\\\/\\\/markestic.com\\\/en\\\/impressum\\\/#breadcrumb\",\"itemListElement\":[{\"@type\":\"ListItem\",\"position\":1,\"name\":\"Kezd\u0151lap\",\"item\":\"https:\\\/\\\/markestic.com\\\/en\\\/\"},{\"@type\":\"ListItem\",\"position\":2,\"name\":\"Impressum\"}]},{\"@type\":\"WebSite\",\"@id\":\"http:\\\/\\\/markestic.com\\\/en\\\/#website\",\"url\":\"http:\\\/\\\/markestic.com\\\/en\\\/\",\"name\":\"Markestic\",\"description\":\"Digit\u00e1lis Marketing Megold\u00e1sok\",\"publisher\":{\"@id\":\"http:\\\/\\\/markestic.com\\\/en\\\/#organization\"},\"potentialAction\":[{\"@type\":\"SearchAction\",\"target\":{\"@type\":\"EntryPoint\",\"urlTemplate\":\"http:\\\/\\\/markestic.com\\\/en\\\/?s={search_term_string}\"},\"query-input\":{\"@type\":\"PropertyValueSpecification\",\"valueRequired\":true,\"valueName\":\"search_term_string\"}}],\"inLanguage\":\"en-US\"},{\"@type\":\"Organization\",\"@id\":\"http:\\\/\\\/markestic.com\\\/en\\\/#organization\",\"name\":\"Markestic\",\"url\":\"http:\\\/\\\/markestic.com\\\/en\\\/\",\"logo\":{\"@type\":\"ImageObject\",\"inLanguage\":\"en-US\",\"@id\":\"http:\\\/\\\/markestic.com\\\/en\\\/#\\\/schema\\\/logo\\\/image\\\/\",\"url\":\"https:\\\/\\\/i0.wp.com\\\/markestic.com\\\/wp-content\\\/uploads\\\/2022\\\/07\\\/markestic-logo.png?fit=226%2C58&ssl=1\",\"contentUrl\":\"https:\\\/\\\/i0.wp.com\\\/markestic.com\\\/wp-content\\\/uploads\\\/2022\\\/07\\\/markestic-logo.png?fit=226%2C58&ssl=1\",\"width\":226,\"height\":58,\"caption\":\"Markestic\"},\"image\":{\"@id\":\"http:\\\/\\\/markestic.com\\\/en\\\/#\\\/schema\\\/logo\\\/image\\\/\"},\"sameAs\":[\"https:\\\/\\\/www.facebook.com\\\/markestic\",\"https:\\\/\\\/www.linkedin.com\\\/company\\\/markestic\\\/\",\"https:\\\/\\\/www.instagram.com\\\/markestic_agency\\\/\"]}]}<\/script>\n<!-- \/ Yoast SEO plugin. -->","yoast_head_json":{"title":"Impressum - Markestic","robots":{"index":"index","follow":"follow","max-snippet":"max-snippet:-1","max-image-preview":"max-image-preview:large","max-video-preview":"max-video-preview:-1"},"canonical":"https:\/\/markestic.com\/en\/impressum\/","og_locale":"en_US","og_type":"article","og_title":"Impressum - Markestic","og_description":"Markestic ImpressumCompany: Markestic Kft. Address: 1224, Budapest Damjanich utca 9. E-mail: hello@markestic.com Website: markestic.com The authority registering the company is: F\u0151v\u00e1rosi T\u00f6rv\u00e9nysz\u00e9k Company registration number: 01 09 333546 Tax number: 26585734-2-43 Chamber of Commerce and Industry of Budapest (BKIK) Hosting provider: Automattic, Inc","og_url":"https:\/\/markestic.com\/en\/impressum\/","og_site_name":"Markestic","article_publisher":"https:\/\/www.facebook.com\/markestic","article_modified_time":"2023-08-15T13:49:38+00:00","twitter_card":"summary_large_image","twitter_misc":{"Est. reading time":"2 minutes"},"schema":{"@context":"https:\/\/schema.org","@graph":[{"@type":"WebPage","@id":"https:\/\/markestic.com\/en\/impressum\/","url":"https:\/\/markestic.com\/en\/impressum\/","name":"Impressum - Markestic","isPartOf":{"@id":"http:\/\/markestic.com\/en\/#website"},"datePublished":"2022-09-16T11:37:30+00:00","dateModified":"2023-08-15T13:49:38+00:00","breadcrumb":{"@id":"https:\/\/markestic.com\/en\/impressum\/#breadcrumb"},"inLanguage":"en-US","potentialAction":[{"@type":"ReadAction","target":["https:\/\/markestic.com\/en\/impressum\/"]}]},{"@type":"BreadcrumbList","@id":"https:\/\/markestic.com\/en\/impressum\/#breadcrumb","itemListElement":[{"@type":"ListItem","position":1,"name":"Kezd\u0151lap","item":"https:\/\/markestic.com\/en\/"},{"@type":"ListItem","position":2,"name":"Impressum"}]},{"@type":"WebSite","@id":"http:\/\/markestic.com\/en\/#website","url":"http:\/\/markestic.com\/en\/","name":"Markestic","description":"Digit\u00e1lis Marketing Megold\u00e1sok","publisher":{"@id":"http:\/\/markestic.com\/en\/#organization"},"potentialAction":[{"@type":"SearchAction","target":{"@type":"EntryPoint","urlTemplate":"http:\/\/markestic.com\/en\/?s={search_term_string}"},"query-input":{"@type":"PropertyValueSpecification","valueRequired":true,"valueName":"search_term_string"}}],"inLanguage":"en-US"},{"@type":"Organization","@id":"http:\/\/markestic.com\/en\/#organization","name":"Markestic","url":"http:\/\/markestic.com\/en\/","logo":{"@type":"ImageObject","inLanguage":"en-US","@id":"http:\/\/markestic.com\/en\/#\/schema\/logo\/image\/","url":"https:\/\/i0.wp.com\/markestic.com\/wp-content\/uploads\/2022\/07\/markestic-logo.png?fit=226%2C58&ssl=1","contentUrl":"https:\/\/i0.wp.com\/markestic.com\/wp-content\/uploads\/2022\/07\/markestic-logo.png?fit=226%2C58&ssl=1","width":226,"height":58,"caption":"Markestic"},"image":{"@id":"http:\/\/markestic.com\/en\/#\/schema\/logo\/image\/"},"sameAs":["https:\/\/www.facebook.com\/markestic","https:\/\/www.linkedin.com\/company\/markestic\/","https:\/\/www.instagram.com\/markestic_agency\/"]}]}},"jetpack_shortlink":"https:\/\/wp.me\/PdT6IY-xO","jetpack_sharing_enabled":true,"_links":{"self":[{"href":"https:\/\/markestic.com\/en\/wp-json\/wp\/v2\/pages\/2096","targetHints":{"allow":["GET"]}}],"collection":[{"href":"https:\/\/markestic.com\/en\/wp-json\/wp\/v2\/pages"}],"about":[{"href":"https:\/\/markestic.com\/en\/wp-json\/wp\/v2\/types\/page"}],"author":[{"embeddable":true,"href":"https:\/\/markestic.com\/en\/wp-json\/wp\/v2\/users\/219950554"}],"replies":[{"embeddable":true,"href":"https:\/\/markestic.com\/en\/wp-json\/wp\/v2\/comments?post=2096"}],"version-history":[{"count":6,"href":"https:\/\/markestic.com\/en\/wp-json\/wp\/v2\/pages\/2096\/revisions"}],"predecessor-version":[{"id":4149,"href":"https:\/\/markestic.com\/en\/wp-json\/wp\/v2\/pages\/2096\/revisions\/4149"}],"wp:attachment":[{"href":"https:\/\/markestic.com\/en\/wp-json\/wp\/v2\/media?parent=2096"}],"curies":[{"name":"wp","href":"https:\/\/api.w.org\/{rel}","templated":true}]}}